{"id":25304,"date":"2013-03-18T19:43:34","date_gmt":"2013-03-18T18:43:34","guid":{"rendered":"https:\/\/villacollina.booleans.it\/stranden-aquilla\/"},"modified":"2023-03-24T13:31:41","modified_gmt":"2023-03-24T12:31:41","slug":"stranden-aquilla","status":"publish","type":"page","link":"https:\/\/villacollina.eu\/en\/stranden-aquilla\/","title":{"rendered":"Aquilia"},"content":{"rendered":"<p>Villa Collina har en aftale med Hotel Aquilia om benyttelse af hotellets faciliteter herunder strand, solsenge og parasoller.<br \/>\nVilla Collinas ejere, l\u00e5nere og lejere skal benytte den s\u00e6rlige sydlige del af Hotel Aquilias strandanl\u00e6g.<br \/>\nAftalen afspejler det gode naboskab mellem Hotel Aquilia og Villa Collina og det er derfor vigtigt, at Villa Collinas ejere, l\u00e5nere og lejere respekterer f\u00f8lgende regler for brug af Hotel Aquilias strandfaciliteter:<\/p>\n<ul>\n<li>\n<p class=\"p1\">Villa Collina has an agreement with the Hotel Aquilia for the use of hotel services, including the beach, sunbeds and umbrellas.<\/p>\n<p class=\"p1\">The owners, tenants and guests of Villa Collina must use the appropriate southern part of the bathing establishments of the Hotel Aquilia.<\/p>\n<p class=\"p2\">The agreement reflects the good neighborliness between Hotel Aquilia and Villa Collina and it is therefore important that the owners, tenants and guests of Villa Collina respect the following rules for the use of the beach services of the Hotel Aquilia:<\/p>\n<p class=\"p3\">\u2022 Clean and tidy up before you are leaving the sunbed<\/p>\n<p class=\"p3\">\u2022 Do not move the umbrellas<\/p>\n<p class=\"p2\"><span class=\"Apple-converted-space\">&nbsp; &nbsp; &nbsp; &nbsp; &nbsp; &nbsp; <\/span>\u2022 Remember to close<span class=\"s1\"> the <\/span>umbrellas when you leave the beach<\/p>\n<p class=\"p3\">\u2022 That it is not possible to &#8220;book&#8221; sunbeds with towels etc.<\/p>\n<p class=\"p3\">\u2022 Follow the instructions provided by the Hotel Aquilia staff<\/p>\n<p class=\"p3\">\u2022 That the staff of the Hotel Aquilia can request documentation of the right of users to use the facilities in the form of presentation of the identity card of Villa Collina<\/p>\n<p class=\"p2\">In case of non-compliance with the above rules, the staff of the Hotel Aquilia has the right to remove the interested parties from the part of the beach that is <span class=\"s1\">owned by the Hotel Aquilia <\/span>and from the use of the other facilities of the Hotel Aquilia.<\/p>\n<\/li>\n<\/ul>\n<p><strong>Bestyrelsen<\/strong><\/p>\n","protected":false},"excerpt":{"rendered":"<p>Villa Collina har en aftale med Hotel Aquilia om benyttelse af hotellets faciliteter herunder strand, solsenge og parasoller. Villa Collinas ejere, l\u00e5nere og lejere skal benytte den s\u00e6rlige sydlige del af Hotel Aquilias strandanl\u00e6g. Aftalen afspejler det gode naboskab mellem [&hellip;]<\/p>\n","protected":false},"author":22,"featured_media":0,"parent":0,"menu_order":0,"comment_status":"closed","ping_status":"closed","template":"","meta":{"_bbp_topic_count":0,"_bbp_reply_count":0,"_bbp_total_topic_count":0,"_bbp_total_reply_count":0,"_bbp_voice_count":0,"_bbp_anonymous_reply_count":0,"_bbp_topic_count_hidden":0,"_bbp_reply_count_hidden":0,"_bbp_forum_subforum_count":0,"_coblocks_attr":"","_coblocks_dimensions":"","_coblocks_responsive_height":"","_coblocks_accordion_ie_support":"","footnotes":""},"rttpg_featured_image_url":null,"rttpg_author":{"display_name":"Jens Per","author_link":"https:\/\/villacollina.eu\/en\/author\/98jensper\/"},"rttpg_comment":0,"rttpg_category":" <a href=\"https:\/\/villacollina.eu\/en\/?taxonomy=translation_priority&#038;term=optional-en\" rel=\"tag\">Optional<\/a>","rttpg_excerpt":"Villa Collina har en aftale med Hotel Aquilia om benyttelse af hotellets faciliteter herunder strand, solsenge og parasoller. Villa Collinas ejere, l\u00e5nere og lejere skal benytte den s\u00e6rlige sydlige del af Hotel Aquilias strandanl\u00e6g. Aftalen afspejler det gode naboskab mellem [&hellip;]","_links":{"self":[{"href":"https:\/\/villacollina.eu\/en\/wp-json\/wp\/v2\/pages\/25304"}],"collection":[{"href":"https:\/\/villacollina.eu\/en\/wp-json\/wp\/v2\/pages"}],"about":[{"href":"https:\/\/villacollina.eu\/en\/wp-json\/wp\/v2\/types\/page"}],"author":[{"embeddable":true,"href":"https:\/\/villacollina.eu\/en\/wp-json\/wp\/v2\/users\/22"}],"replies":[{"embeddable":true,"href":"https:\/\/villacollina.eu\/en\/wp-json\/wp\/v2\/comments?post=25304"}],"version-history":[{"count":2,"href":"https:\/\/villacollina.eu\/en\/wp-json\/wp\/v2\/pages\/25304\/revisions"}],"predecessor-version":[{"id":25329,"href":"https:\/\/villacollina.eu\/en\/wp-json\/wp\/v2\/pages\/25304\/revisions\/25329"}],"wp:attachment":[{"href":"https:\/\/villacollina.eu\/en\/wp-json\/wp\/v2\/media?parent=25304"}],"curies":[{"name":"wp","href":"https:\/\/api.w.org\/{rel}","templated":true}]}}